{"id":858,"date":"2021-11-29T09:25:26","date_gmt":"2021-11-29T09:25:26","guid":{"rendered":"https:\/\/www.stellamarisbeach.it\/stellamaris\/accessibilita\/"},"modified":"2022-04-12T14:20:56","modified_gmt":"2022-04-12T14:20:56","slug":"accessibilita","status":"publish","type":"page","link":"https:\/\/www.stellamarisbeach.it\/en\/stellamaris\/accessibilita\/","title":{"rendered":"Accessibility"},"content":{"rendered":"<p><span style=\"font-weight: 400;\">StellaMaris \u00e8 la promessa di vivere appieno un nuovo senso di accoglienza nei bagni di Sottomarina.<br \/>\nQui infatti le parole accessibilit\u00e0 e usabilit\u00e0 hanno molteplici declinazioni.<\/span><\/p>\n<h2><span style=\"font-weight: 400;\"><strong>Accessibilit\u00e0 digitale<\/strong><\/span><\/h2>\n<p><span style=\"font-weight: 400;\">Puoi prenotare da qui ogni tipo di servizio, dal parcheggio, agli ombrelloni, ai gazebo, alle cabine e alle attivit\u00e0 sportive, in modo semplice e veloce.<\/span><\/p>\n<p><span style=\"font-weight: 400;\">Lasciati coinvolgere dalla chiarezza dei contenuti e dalla facilit\u00e0 di prenotazione.<\/span><\/p>\n<h2><span style=\"font-weight: 400;\"><strong>Accessibilit\u00e0 per disabili<\/strong><\/span><\/h2>\n<p><span style=\"font-weight: 400;\">Puoi muoverti dentro tutti gli spazi in sicurezza e autonomia.<\/span><\/p>\n<p><span style=\"font-weight: 400;\">Vieni a esplorare il mondo StellaMaris, progettato per permetterti un viaggio senza barriere architettoniche.<\/span><\/p>\n<p>&nbsp;<\/p>\n","protected":false},"excerpt":{"rendered":"<p>StellaMaris \u00e8 la promessa di vivere appieno un nuovo senso di accoglienza nei bagni di Sottomarina. Qui infatti le parole accessibilit\u00e0 e usabilit\u00e0 hanno molteplici declinazioni. Accessibilit\u00e0 digitale Puoi prenotare da qui ogni tipo di servizio, dal parcheggio, agli ombrelloni, ai gazebo, alle cabine e alle attivit\u00e0 sportive, in modo semplice e veloce. Lasciati coinvolgere [&hellip;]<\/p>\n","protected":false},"author":1,"featured_media":1719,"parent":846,"menu_order":5,"comment_status":"closed","ping_status":"closed","template":"","meta":[],"yoast_head":"<!-- This site is optimized with the Yoast SEO plugin v18.3 - https:\/\/yoast.com\/wordpress\/plugins\/seo\/ -->\n<title>Accessibility | Stella Maris<\/title>\n<meta name=\"description\" content=\"Vivere appieno un nuovo senso di accoglienza nei bagni di Sottomarina, dove le parole accessibilit\u00e0 e usabilit\u00e0 hanno varie declinazioni.\" \/>\n<meta name=\"robots\" content=\"index, follow, max-snippet:-1, max-image-preview:large, max-video-preview:-1\" \/>\n<link rel=\"canonical\" href=\"https:\/\/www.stellamarisbeach.it\/en\/stellamaris\/accessibilita\/\" \/>\n<meta property=\"og:locale\" content=\"en_US\" \/>\n<meta property=\"og:type\" content=\"article\" \/>\n<meta property=\"og:title\" content=\"Accessibility | Stella Maris\" \/>\n<meta property=\"og:description\" content=\"Vivere appieno un nuovo senso di accoglienza nei bagni di Sottomarina, dove le parole accessibilit\u00e0 e usabilit\u00e0 hanno varie declinazioni.\" \/>\n<meta property=\"og:url\" content=\"https:\/\/www.stellamarisbeach.it\/en\/stellamaris\/accessibilita\/\" \/>\n<meta property=\"og:site_name\" content=\"Stella Maris\" \/>\n<meta property=\"article:modified_time\" content=\"2022-04-12T14:20:56+00:00\" \/>\n<meta property=\"og:image\" content=\"https:\/\/www.stellamarisbeach.it\/wp-content\/uploads\/2021\/11\/accessibilita\u0300.png\" \/>\n\t<meta property=\"og:image:width\" content=\"317\" \/>\n\t<meta property=\"og:image:height\" content=\"317\" \/>\n\t<meta property=\"og:image:type\" content=\"image\/png\" \/>\n<meta name=\"twitter:card\" content=\"summary_large_image\" \/>\n<meta name=\"twitter:label1\" content=\"Est. reading time\" \/>\n\t<meta name=\"twitter:data1\" content=\"1 minute\" \/>\n<script type=\"application\/ld+json\" class=\"yoast-schema-graph\">{\"@context\":\"https:\/\/schema.org\",\"@graph\":[{\"@type\":\"Organization\",\"@id\":\"https:\/\/www.stellamarisbeach.it\/#organization\",\"name\":\"StellaMaris\",\"url\":\"https:\/\/www.stellamarisbeach.it\/\",\"sameAs\":[],\"logo\":{\"@type\":\"ImageObject\",\"@id\":\"https:\/\/www.stellamarisbeach.it\/#logo\",\"inLanguage\":\"en-US\",\"url\":\"https:\/\/www.stellamarisbeach.it\/wp-content\/uploads\/2024\/02\/logo-stella-maris-1.png\",\"contentUrl\":\"https:\/\/www.stellamarisbeach.it\/wp-content\/uploads\/2024\/02\/logo-stella-maris-1.png\",\"width\":842,\"height\":595,\"caption\":\"StellaMaris\"},\"image\":{\"@id\":\"https:\/\/www.stellamarisbeach.it\/#logo\"}},{\"@type\":\"WebSite\",\"@id\":\"https:\/\/www.stellamarisbeach.it\/#website\",\"url\":\"https:\/\/www.stellamarisbeach.it\/\",\"name\":\"Stella Maris\",\"description\":\"My Sand Club\",\"publisher\":{\"@id\":\"https:\/\/www.stellamarisbeach.it\/#organization\"},\"potentialAction\":[{\"@type\":\"SearchAction\",\"target\":{\"@type\":\"EntryPoint\",\"urlTemplate\":\"https:\/\/www.stellamarisbeach.it\/?s={search_term_string}\"},\"query-input\":\"required name=search_term_string\"}],\"inLanguage\":\"en-US\"},{\"@type\":\"ImageObject\",\"@id\":\"https:\/\/www.stellamarisbeach.it\/en\/stellamaris\/accessibilita\/#primaryimage\",\"inLanguage\":\"en-US\",\"url\":\"https:\/\/www.stellamarisbeach.it\/wp-content\/uploads\/2024\/02\/IMG_0267.jpg\",\"contentUrl\":\"https:\/\/www.stellamarisbeach.it\/wp-content\/uploads\/2024\/02\/IMG_0267.jpg\",\"width\":2305,\"height\":1537},{\"@type\":\"WebPage\",\"@id\":\"https:\/\/www.stellamarisbeach.it\/en\/stellamaris\/accessibilita\/#webpage\",\"url\":\"https:\/\/www.stellamarisbeach.it\/en\/stellamaris\/accessibilita\/\",\"name\":\"Accessibility | Stella Maris\",\"isPartOf\":{\"@id\":\"https:\/\/www.stellamarisbeach.it\/#website\"},\"primaryImageOfPage\":{\"@id\":\"https:\/\/www.stellamarisbeach.it\/en\/stellamaris\/accessibilita\/#primaryimage\"},\"datePublished\":\"2021-11-29T09:25:26+00:00\",\"dateModified\":\"2022-04-12T14:20:56+00:00\",\"description\":\"Vivere appieno un nuovo senso di accoglienza nei bagni di Sottomarina, dove le parole accessibilit\u00e0 e usabilit\u00e0 hanno varie declinazioni.\",\"breadcrumb\":{\"@id\":\"https:\/\/www.stellamarisbeach.it\/en\/stellamaris\/accessibilita\/#breadcrumb\"},\"inLanguage\":\"en-US\",\"potentialAction\":[{\"@type\":\"ReadAction\",\"target\":[\"https:\/\/www.stellamarisbeach.it\/en\/stellamaris\/accessibilita\/\"]}]},{\"@type\":\"BreadcrumbList\",\"@id\":\"https:\/\/www.stellamarisbeach.it\/en\/stellamaris\/accessibilita\/#breadcrumb\",\"itemListElement\":[{\"@type\":\"ListItem\",\"position\":1,\"name\":\"Home\",\"item\":\"https:\/\/www.stellamarisbeach.it\/homepage\/?lang=en\"},{\"@type\":\"ListItem\",\"position\":2,\"name\":\"Sottomarina StellaMaris Bathing Establishment\",\"item\":\"https:\/\/www.stellamarisbeach.it\/en\/stellamaris\/\"},{\"@type\":\"ListItem\",\"position\":3,\"name\":\"Accessibility\"}]}]}<\/script>\n<!-- \/ Yoast SEO plugin. -->","yoast_head_json":{"title":"Accessibility | Stella Maris","description":"Vivere appieno un nuovo senso di accoglienza nei bagni di Sottomarina, dove le parole accessibilit\u00e0 e usabilit\u00e0 hanno varie declinazioni.","robots":{"index":"index","follow":"follow","max-snippet":"max-snippet:-1","max-image-preview":"max-image-preview:large","max-video-preview":"max-video-preview:-1"},"canonical":"https:\/\/www.stellamarisbeach.it\/en\/stellamaris\/accessibilita\/","og_locale":"en_US","og_type":"article","og_title":"Accessibility | Stella Maris","og_description":"Vivere appieno un nuovo senso di accoglienza nei bagni di Sottomarina, dove le parole accessibilit\u00e0 e usabilit\u00e0 hanno varie declinazioni.","og_url":"https:\/\/www.stellamarisbeach.it\/en\/stellamaris\/accessibilita\/","og_site_name":"Stella Maris","article_modified_time":"2022-04-12T14:20:56+00:00","og_image":[{"width":317,"height":317,"url":"https:\/\/www.stellamarisbeach.it\/wp-content\/uploads\/2021\/11\/accessibilita\u0300.png","type":"image\/png"}],"twitter_card":"summary_large_image","twitter_misc":{"Est. reading time":"1 minute"},"schema":{"@context":"https:\/\/schema.org","@graph":[{"@type":"Organization","@id":"https:\/\/www.stellamarisbeach.it\/#organization","name":"StellaMaris","url":"https:\/\/www.stellamarisbeach.it\/","sameAs":[],"logo":{"@type":"ImageObject","@id":"https:\/\/www.stellamarisbeach.it\/#logo","inLanguage":"en-US","url":"https:\/\/www.stellamarisbeach.it\/wp-content\/uploads\/2024\/02\/logo-stella-maris-1.png","contentUrl":"https:\/\/www.stellamarisbeach.it\/wp-content\/uploads\/2024\/02\/logo-stella-maris-1.png","width":842,"height":595,"caption":"StellaMaris"},"image":{"@id":"https:\/\/www.stellamarisbeach.it\/#logo"}},{"@type":"WebSite","@id":"https:\/\/www.stellamarisbeach.it\/#website","url":"https:\/\/www.stellamarisbeach.it\/","name":"Stella Maris","description":"My Sand Club","publisher":{"@id":"https:\/\/www.stellamarisbeach.it\/#organization"},"potentialAction":[{"@type":"SearchAction","target":{"@type":"EntryPoint","urlTemplate":"https:\/\/www.stellamarisbeach.it\/?s={search_term_string}"},"query-input":"required name=search_term_string"}],"inLanguage":"en-US"},{"@type":"ImageObject","@id":"https:\/\/www.stellamarisbeach.it\/en\/stellamaris\/accessibilita\/#primaryimage","inLanguage":"en-US","url":"https:\/\/www.stellamarisbeach.it\/wp-content\/uploads\/2024\/02\/IMG_0267.jpg","contentUrl":"https:\/\/www.stellamarisbeach.it\/wp-content\/uploads\/2024\/02\/IMG_0267.jpg","width":2305,"height":1537},{"@type":"WebPage","@id":"https:\/\/www.stellamarisbeach.it\/en\/stellamaris\/accessibilita\/#webpage","url":"https:\/\/www.stellamarisbeach.it\/en\/stellamaris\/accessibilita\/","name":"Accessibility | Stella Maris","isPartOf":{"@id":"https:\/\/www.stellamarisbeach.it\/#website"},"primaryImageOfPage":{"@id":"https:\/\/www.stellamarisbeach.it\/en\/stellamaris\/accessibilita\/#primaryimage"},"datePublished":"2021-11-29T09:25:26+00:00","dateModified":"2022-04-12T14:20:56+00:00","description":"Vivere appieno un nuovo senso di accoglienza nei bagni di Sottomarina, dove le parole accessibilit\u00e0 e usabilit\u00e0 hanno varie declinazioni.","breadcrumb":{"@id":"https:\/\/www.stellamarisbeach.it\/en\/stellamaris\/accessibilita\/#breadcrumb"},"inLanguage":"en-US","potentialAction":[{"@type":"ReadAction","target":["https:\/\/www.stellamarisbeach.it\/en\/stellamaris\/accessibilita\/"]}]},{"@type":"BreadcrumbList","@id":"https:\/\/www.stellamarisbeach.it\/en\/stellamaris\/accessibilita\/#breadcrumb","itemListElement":[{"@type":"ListItem","position":1,"name":"Home","item":"https:\/\/www.stellamarisbeach.it\/homepage\/?lang=en"},{"@type":"ListItem","position":2,"name":"Sottomarina StellaMaris Bathing Establishment","item":"https:\/\/www.stellamarisbeach.it\/en\/stellamaris\/"},{"@type":"ListItem","position":3,"name":"Accessibility"}]}]}},"_links":{"self":[{"href":"https:\/\/www.stellamarisbeach.it\/en\/wp-json\/wp\/v2\/pages\/858"}],"collection":[{"href":"https:\/\/www.stellamarisbeach.it\/en\/wp-json\/wp\/v2\/pages"}],"about":[{"href":"https:\/\/www.stellamarisbeach.it\/en\/wp-json\/wp\/v2\/types\/page"}],"author":[{"embeddable":true,"href":"https:\/\/www.stellamarisbeach.it\/en\/wp-json\/wp\/v2\/users\/1"}],"replies":[{"embeddable":true,"href":"https:\/\/www.stellamarisbeach.it\/en\/wp-json\/wp\/v2\/comments?post=858"}],"version-history":[{"count":3,"href":"https:\/\/www.stellamarisbeach.it\/en\/wp-json\/wp\/v2\/pages\/858\/revisions"}],"predecessor-version":[{"id":982,"href":"https:\/\/www.stellamarisbeach.it\/en\/wp-json\/wp\/v2\/pages\/858\/revisions\/982"}],"up":[{"embeddable":true,"href":"https:\/\/www.stellamarisbeach.it\/en\/wp-json\/wp\/v2\/pages\/846"}],"wp:featuredmedia":[{"embeddable":true,"href":"https:\/\/www.stellamarisbeach.it\/en\/wp-json\/wp\/v2\/media\/1719"}],"wp:attachment":[{"href":"https:\/\/www.stellamarisbeach.it\/en\/wp-json\/wp\/v2\/media?parent=858"}],"curies":[{"name":"wp","href":"https:\/\/api.w.org\/{rel}","templated":true}]}}