{"id":856,"date":"2021-11-29T09:19:58","date_gmt":"2021-11-29T09:19:58","guid":{"rendered":"https:\/\/www.stellamarisbeach.it\/stellamaris\/sostenibilita\/"},"modified":"2022-04-12T14:20:58","modified_gmt":"2022-04-12T14:20:58","slug":"sostenibilita","status":"publish","type":"page","link":"https:\/\/www.stellamarisbeach.it\/en\/stellamaris\/sostenibilita\/","title":{"rendered":"Sustainability on vacation"},"content":{"rendered":"<p>Appassionati di spiaggia e relax ma anche di una vacanza sostenibile?<br \/>\nSiete voi il nostro pubblico! La sostenibilit\u00e0 per StellaMaris si traduce in vari modi.<\/p>\n<p><span style=\"font-weight: 400;\">Tu pensi a un mare che ti accolga? Noi pensiamo lo stesso. \u00c8 il nostro modo di vivere la sostenibilit\u00e0 turistica.<\/span><\/p>\n<p><span style=\"font-weight: 400;\">Tu cerchi il design green in un ambiente familiare? Noi abbiamo sviluppato un concetto di architettura sostenibile.<\/span><\/p>\n<p><span style=\"font-weight: 400;\">Tu pensi a fonti di energia alternativa? Noi le abbiamo scelte perch\u00e9 crediamo nella sostenibilit\u00e0 energetica.<\/span><\/p>\n<p>Tu pensi che le nuove tecnologie possano portare a un mondo migliore? Noi lo abbiamo fatto rendendo concreta la sostenibilit\u00e0 digitale.<\/p>\n<p><span style=\"font-weight: 400;\">Cos\u00ec abbiamo creato il concept di StellaMaris.<\/span><\/p>\n<p>&nbsp;<\/p>\n<p><span style=\"font-weight: 400;\">Chi ci sceglie lo fa per la qualit\u00e0 del benessere e per l\u2019attenzione che mettiamo in ogni dettaglio.<\/span><\/p>\n<p><span style=\"font-weight: 400;\">E tu, che fai?<\/span><\/p>\n<p>&nbsp;<\/p>\n<p>&nbsp;<\/p>\n","protected":false},"excerpt":{"rendered":"<p>Appassionati di spiaggia e relax ma anche di una vacanza sostenibile? Siete voi il nostro pubblico! La sostenibilit\u00e0 per StellaMaris si traduce in vari modi. Tu pensi a un mare che ti accolga? Noi pensiamo lo stesso. \u00c8 il nostro modo di vivere la sostenibilit\u00e0 turistica. Tu cerchi il design green in un ambiente familiare? [&hellip;]<\/p>\n","protected":false},"author":1,"featured_media":1863,"parent":846,"menu_order":4,"comment_status":"closed","ping_status":"closed","template":"","meta":[],"yoast_head":"<!-- This site is optimized with the Yoast SEO plugin v18.3 - https:\/\/yoast.com\/wordpress\/plugins\/seo\/ -->\n<title>Sustainability on vacation | Stella Maris<\/title>\n<meta name=\"description\" content=\"StellaMaris \u00e8 lo stabilimento balneare di Sottomarina che ha a cuore la sostenibilit\u00e0 anche in vacanza. Architettura green, accoglienza.\" \/>\n<meta name=\"robots\" content=\"index, follow, max-snippet:-1, max-image-preview:large, max-video-preview:-1\" \/>\n<link rel=\"canonical\" href=\"https:\/\/www.stellamarisbeach.it\/en\/stellamaris\/sostenibilita\/\" \/>\n<meta property=\"og:locale\" content=\"en_US\" \/>\n<meta property=\"og:type\" content=\"article\" \/>\n<meta property=\"og:title\" content=\"Sustainability on vacation | Stella Maris\" \/>\n<meta property=\"og:description\" content=\"StellaMaris \u00e8 lo stabilimento balneare di Sottomarina che ha a cuore la sostenibilit\u00e0 anche in vacanza. Architettura green, accoglienza.\" \/>\n<meta property=\"og:url\" content=\"https:\/\/www.stellamarisbeach.it\/en\/stellamaris\/sostenibilita\/\" \/>\n<meta property=\"og:site_name\" content=\"Stella Maris\" \/>\n<meta property=\"article:modified_time\" content=\"2022-04-12T14:20:58+00:00\" \/>\n<meta property=\"og:image\" content=\"https:\/\/www.stellamarisbeach.it\/wp-content\/uploads\/2021\/12\/04-sostenibilita.jpg\" \/>\n\t<meta property=\"og:image:width\" content=\"1102\" \/>\n\t<meta property=\"og:image:height\" content=\"1103\" \/>\n\t<meta property=\"og:image:type\" content=\"image\/jpeg\" \/>\n<meta name=\"twitter:card\" content=\"summary_large_image\" \/>\n<meta name=\"twitter:label1\" content=\"Est. reading time\" \/>\n\t<meta name=\"twitter:data1\" content=\"1 minute\" \/>\n<script type=\"application\/ld+json\" class=\"yoast-schema-graph\">{\"@context\":\"https:\/\/schema.org\",\"@graph\":[{\"@type\":\"Organization\",\"@id\":\"https:\/\/www.stellamarisbeach.it\/#organization\",\"name\":\"StellaMaris\",\"url\":\"https:\/\/www.stellamarisbeach.it\/\",\"sameAs\":[],\"logo\":{\"@type\":\"ImageObject\",\"@id\":\"https:\/\/www.stellamarisbeach.it\/#logo\",\"inLanguage\":\"en-US\",\"url\":\"https:\/\/www.stellamarisbeach.it\/wp-content\/uploads\/2024\/02\/logo-stella-maris-1.png\",\"contentUrl\":\"https:\/\/www.stellamarisbeach.it\/wp-content\/uploads\/2024\/02\/logo-stella-maris-1.png\",\"width\":842,\"height\":595,\"caption\":\"StellaMaris\"},\"image\":{\"@id\":\"https:\/\/www.stellamarisbeach.it\/#logo\"}},{\"@type\":\"WebSite\",\"@id\":\"https:\/\/www.stellamarisbeach.it\/#website\",\"url\":\"https:\/\/www.stellamarisbeach.it\/\",\"name\":\"Stella Maris\",\"description\":\"My Sand Club\",\"publisher\":{\"@id\":\"https:\/\/www.stellamarisbeach.it\/#organization\"},\"potentialAction\":[{\"@type\":\"SearchAction\",\"target\":{\"@type\":\"EntryPoint\",\"urlTemplate\":\"https:\/\/www.stellamarisbeach.it\/?s={search_term_string}\"},\"query-input\":\"required name=search_term_string\"}],\"inLanguage\":\"en-US\"},{\"@type\":\"ImageObject\",\"@id\":\"https:\/\/www.stellamarisbeach.it\/en\/stellamaris\/sostenibilita\/#primaryimage\",\"inLanguage\":\"en-US\",\"url\":\"https:\/\/www.stellamarisbeach.it\/wp-content\/uploads\/2024\/02\/a5769844046511a5099a83186bb49721.jpg\",\"contentUrl\":\"https:\/\/www.stellamarisbeach.it\/wp-content\/uploads\/2024\/02\/a5769844046511a5099a83186bb49721.jpg\",\"width\":564,\"height\":376},{\"@type\":\"WebPage\",\"@id\":\"https:\/\/www.stellamarisbeach.it\/en\/stellamaris\/sostenibilita\/#webpage\",\"url\":\"https:\/\/www.stellamarisbeach.it\/en\/stellamaris\/sostenibilita\/\",\"name\":\"Sustainability on vacation | Stella Maris\",\"isPartOf\":{\"@id\":\"https:\/\/www.stellamarisbeach.it\/#website\"},\"primaryImageOfPage\":{\"@id\":\"https:\/\/www.stellamarisbeach.it\/en\/stellamaris\/sostenibilita\/#primaryimage\"},\"datePublished\":\"2021-11-29T09:19:58+00:00\",\"dateModified\":\"2022-04-12T14:20:58+00:00\",\"description\":\"StellaMaris \u00e8 lo stabilimento balneare di Sottomarina che ha a cuore la sostenibilit\u00e0 anche in vacanza. Architettura green, accoglienza.\",\"breadcrumb\":{\"@id\":\"https:\/\/www.stellamarisbeach.it\/en\/stellamaris\/sostenibilita\/#breadcrumb\"},\"inLanguage\":\"en-US\",\"potentialAction\":[{\"@type\":\"ReadAction\",\"target\":[\"https:\/\/www.stellamarisbeach.it\/en\/stellamaris\/sostenibilita\/\"]}]},{\"@type\":\"BreadcrumbList\",\"@id\":\"https:\/\/www.stellamarisbeach.it\/en\/stellamaris\/sostenibilita\/#breadcrumb\",\"itemListElement\":[{\"@type\":\"ListItem\",\"position\":1,\"name\":\"Home\",\"item\":\"https:\/\/www.stellamarisbeach.it\/homepage\/?lang=en\"},{\"@type\":\"ListItem\",\"position\":2,\"name\":\"Sottomarina StellaMaris Bathing Establishment\",\"item\":\"https:\/\/www.stellamarisbeach.it\/en\/stellamaris\/\"},{\"@type\":\"ListItem\",\"position\":3,\"name\":\"Sustainability on vacation\"}]}]}<\/script>\n<!-- \/ Yoast SEO plugin. -->","yoast_head_json":{"title":"Sustainability on vacation | Stella Maris","description":"StellaMaris \u00e8 lo stabilimento balneare di Sottomarina che ha a cuore la sostenibilit\u00e0 anche in vacanza. Architettura green, accoglienza.","robots":{"index":"index","follow":"follow","max-snippet":"max-snippet:-1","max-image-preview":"max-image-preview:large","max-video-preview":"max-video-preview:-1"},"canonical":"https:\/\/www.stellamarisbeach.it\/en\/stellamaris\/sostenibilita\/","og_locale":"en_US","og_type":"article","og_title":"Sustainability on vacation | Stella Maris","og_description":"StellaMaris \u00e8 lo stabilimento balneare di Sottomarina che ha a cuore la sostenibilit\u00e0 anche in vacanza. Architettura green, accoglienza.","og_url":"https:\/\/www.stellamarisbeach.it\/en\/stellamaris\/sostenibilita\/","og_site_name":"Stella Maris","article_modified_time":"2022-04-12T14:20:58+00:00","og_image":[{"width":1102,"height":1103,"url":"https:\/\/www.stellamarisbeach.it\/wp-content\/uploads\/2021\/12\/04-sostenibilita.jpg","type":"image\/jpeg"}],"twitter_card":"summary_large_image","twitter_misc":{"Est. reading time":"1 minute"},"schema":{"@context":"https:\/\/schema.org","@graph":[{"@type":"Organization","@id":"https:\/\/www.stellamarisbeach.it\/#organization","name":"StellaMaris","url":"https:\/\/www.stellamarisbeach.it\/","sameAs":[],"logo":{"@type":"ImageObject","@id":"https:\/\/www.stellamarisbeach.it\/#logo","inLanguage":"en-US","url":"https:\/\/www.stellamarisbeach.it\/wp-content\/uploads\/2024\/02\/logo-stella-maris-1.png","contentUrl":"https:\/\/www.stellamarisbeach.it\/wp-content\/uploads\/2024\/02\/logo-stella-maris-1.png","width":842,"height":595,"caption":"StellaMaris"},"image":{"@id":"https:\/\/www.stellamarisbeach.it\/#logo"}},{"@type":"WebSite","@id":"https:\/\/www.stellamarisbeach.it\/#website","url":"https:\/\/www.stellamarisbeach.it\/","name":"Stella Maris","description":"My Sand Club","publisher":{"@id":"https:\/\/www.stellamarisbeach.it\/#organization"},"potentialAction":[{"@type":"SearchAction","target":{"@type":"EntryPoint","urlTemplate":"https:\/\/www.stellamarisbeach.it\/?s={search_term_string}"},"query-input":"required name=search_term_string"}],"inLanguage":"en-US"},{"@type":"ImageObject","@id":"https:\/\/www.stellamarisbeach.it\/en\/stellamaris\/sostenibilita\/#primaryimage","inLanguage":"en-US","url":"https:\/\/www.stellamarisbeach.it\/wp-content\/uploads\/2024\/02\/a5769844046511a5099a83186bb49721.jpg","contentUrl":"https:\/\/www.stellamarisbeach.it\/wp-content\/uploads\/2024\/02\/a5769844046511a5099a83186bb49721.jpg","width":564,"height":376},{"@type":"WebPage","@id":"https:\/\/www.stellamarisbeach.it\/en\/stellamaris\/sostenibilita\/#webpage","url":"https:\/\/www.stellamarisbeach.it\/en\/stellamaris\/sostenibilita\/","name":"Sustainability on vacation | Stella Maris","isPartOf":{"@id":"https:\/\/www.stellamarisbeach.it\/#website"},"primaryImageOfPage":{"@id":"https:\/\/www.stellamarisbeach.it\/en\/stellamaris\/sostenibilita\/#primaryimage"},"datePublished":"2021-11-29T09:19:58+00:00","dateModified":"2022-04-12T14:20:58+00:00","description":"StellaMaris \u00e8 lo stabilimento balneare di Sottomarina che ha a cuore la sostenibilit\u00e0 anche in vacanza. Architettura green, accoglienza.","breadcrumb":{"@id":"https:\/\/www.stellamarisbeach.it\/en\/stellamaris\/sostenibilita\/#breadcrumb"},"inLanguage":"en-US","potentialAction":[{"@type":"ReadAction","target":["https:\/\/www.stellamarisbeach.it\/en\/stellamaris\/sostenibilita\/"]}]},{"@type":"BreadcrumbList","@id":"https:\/\/www.stellamarisbeach.it\/en\/stellamaris\/sostenibilita\/#breadcrumb","itemListElement":[{"@type":"ListItem","position":1,"name":"Home","item":"https:\/\/www.stellamarisbeach.it\/homepage\/?lang=en"},{"@type":"ListItem","position":2,"name":"Sottomarina StellaMaris Bathing Establishment","item":"https:\/\/www.stellamarisbeach.it\/en\/stellamaris\/"},{"@type":"ListItem","position":3,"name":"Sustainability on vacation"}]}]}},"_links":{"self":[{"href":"https:\/\/www.stellamarisbeach.it\/en\/wp-json\/wp\/v2\/pages\/856"}],"collection":[{"href":"https:\/\/www.stellamarisbeach.it\/en\/wp-json\/wp\/v2\/pages"}],"about":[{"href":"https:\/\/www.stellamarisbeach.it\/en\/wp-json\/wp\/v2\/types\/page"}],"author":[{"embeddable":true,"href":"https:\/\/www.stellamarisbeach.it\/en\/wp-json\/wp\/v2\/users\/1"}],"replies":[{"embeddable":true,"href":"https:\/\/www.stellamarisbeach.it\/en\/wp-json\/wp\/v2\/comments?post=856"}],"version-history":[{"count":3,"href":"https:\/\/www.stellamarisbeach.it\/en\/wp-json\/wp\/v2\/pages\/856\/revisions"}],"predecessor-version":[{"id":981,"href":"https:\/\/www.stellamarisbeach.it\/en\/wp-json\/wp\/v2\/pages\/856\/revisions\/981"}],"up":[{"embeddable":true,"href":"https:\/\/www.stellamarisbeach.it\/en\/wp-json\/wp\/v2\/pages\/846"}],"wp:featuredmedia":[{"embeddable":true,"href":"https:\/\/www.stellamarisbeach.it\/en\/wp-json\/wp\/v2\/media\/1863"}],"wp:attachment":[{"href":"https:\/\/www.stellamarisbeach.it\/en\/wp-json\/wp\/v2\/media?parent=856"}],"curies":[{"name":"wp","href":"https:\/\/api.w.org\/{rel}","templated":true}]}}