{"id":853,"date":"2021-11-29T09:19:03","date_gmt":"2021-11-29T09:19:03","guid":{"rendered":"https:\/\/www.stellamarisbeach.it\/stellamaris\/scopri-sottomarina-e-dintorni\/"},"modified":"2022-04-12T14:18:35","modified_gmt":"2022-04-12T14:18:35","slug":"scopri-sottomarina-e-dintorni","status":"publish","type":"page","link":"https:\/\/www.stellamarisbeach.it\/en\/stellamaris\/scopri-sottomarina-e-dintorni\/","title":{"rendered":"Sottomarina and surroundings: a location to experience"},"content":{"rendered":"<p>Vuoi qualcosa di pi\u00f9 dalla tua vacanza al mare? Vieni a scoprire cosa possono offrirti Sottomarina e dintorni.<br \/>\n\u00c8 il momento per evadere verso le vicine mete e attrazioni turistiche.<\/p>\n<p>Lasciati quindi ispirare dalla facilit\u00e0 di raggiungere Chioggia, Venezia e le sue isole, Murano, Burano, Torcello ma anche Venezia e il suo Lido e Pellestrina.<\/p>\n<h2>Sottomarina<\/h2>\n<p><span style=\"font-weight: 400;\">Sottomarina \u00e8 conosciuta per il suo litorale verde, le acque limpide e la sabbia finissima. Ma \u00e8 anche un angolo di mare da scoprire con immersioni subacquee, per ammirare anemoni, spugne, crostacei e i reef naturali delle \u201ctegn\u00f9e\u201d, creati da diversi organismi come le alghe rosse calcaree.<\/span><\/p>\n<h2>Chioggia<\/h2>\n<p><span style=\"font-weight: 400;\">Chioggia \u00e8 una piccola Venezia che incanta con i suoi passaggi d\u2019acqua, le suggestive calli e i colorati pescherecci.\u00a0 Non mancare di assaporare le specialit\u00e0 di pesce nei tipici ristoranti. Scopri questa iconica citt\u00e0 d\u2019arte.<\/span><\/p>\n<h2>Isola di Pellestrina<\/h2>\n<p><span style=\"font-weight: 400;\">Pellestrina \u00e8 una sottile striscia di terra tra il mare Adriatico e la laguna di Venezia. Un angolo nascosto da visitare a piedi, in autobus o in bici. Qui il tempo sembra essersi fermato tra i piccoli borghi, le case variopinte dei pescatori e la spiaggia sabbiosa e solitaria. Visitala prendendo il traghetto con <\/span><i><span style=\"font-weight: 400;\">bragozzo<\/span><\/i><span style=\"font-weight: 400;\"> da Chioggia.<\/span><\/p>\n<h2><strong>Venezia<\/strong><\/h2>\n<p><span style=\"font-weight: 400;\">Impossibile rinunciare a una camminata nel cuore di Venezia, tra il ponte di Rialto e le cupole d\u2019oro di Piazza San Marco. Ma tieniti pronto a scoprire anche nuovi itinerari urbani nella citt\u00e0 sull\u2019acqua.\u00a0<\/span><\/p>\n<h2>Murano, Burano e Torcello<\/h2>\n<p><span style=\"font-weight: 400;\">Le isole di Murano, Burano e Torcello sono mete ideali per scoprire l\u2019artigianato e la storia veneziani. Vieni a immergerti tra l\u2019arte dei mastri vetrai muranesi, le coloratissime case dell\u2019isola dei merletti e le leggende sul ponte del Diavolo di Torcello.<\/span><\/p>\n","protected":false},"excerpt":{"rendered":"<p>Vuoi qualcosa di pi\u00f9 dalla tua vacanza al mare? Vieni a scoprire cosa possono offrirti Sottomarina e dintorni. \u00c8 il momento per evadere verso le vicine mete e attrazioni turistiche. Lasciati quindi ispirare dalla facilit\u00e0 di raggiungere Chioggia, Venezia e le sue isole, Murano, Burano, Torcello ma anche Venezia e il suo Lido e Pellestrina. [&hellip;]<\/p>\n","protected":false},"author":1,"featured_media":1746,"parent":846,"menu_order":3,"comment_status":"closed","ping_status":"closed","template":"","meta":[],"yoast_head":"<!-- This site is optimized with the Yoast SEO plugin v18.3 - https:\/\/yoast.com\/wordpress\/plugins\/seo\/ -->\n<title>Sottomarina and surroundings: a location to experience | Stella Maris<\/title>\n<meta name=\"description\" content=\"Vuoi qualcosa di pi\u00f9 dalla tua vacanza al mare? Scopri le mete pi\u00f9 belle di Sottomarina e dintorni: esplora Chioggia, Pellestrina, Venezia.\" \/>\n<meta name=\"robots\" content=\"index, follow, max-snippet:-1, max-image-preview:large, max-video-preview:-1\" \/>\n<link rel=\"canonical\" href=\"https:\/\/www.stellamarisbeach.it\/en\/stellamaris\/scopri-sottomarina-e-dintorni\/\" \/>\n<meta property=\"og:locale\" content=\"en_US\" \/>\n<meta property=\"og:type\" content=\"article\" \/>\n<meta property=\"og:title\" content=\"Sottomarina and surroundings: a location to experience | Stella Maris\" \/>\n<meta property=\"og:description\" content=\"Vuoi qualcosa di pi\u00f9 dalla tua vacanza al mare? Scopri le mete pi\u00f9 belle di Sottomarina e dintorni: esplora Chioggia, Pellestrina, Venezia.\" \/>\n<meta property=\"og:url\" content=\"https:\/\/www.stellamarisbeach.it\/en\/stellamaris\/scopri-sottomarina-e-dintorni\/\" \/>\n<meta property=\"og:site_name\" content=\"Stella Maris\" \/>\n<meta property=\"article:modified_time\" content=\"2022-04-12T14:18:35+00:00\" \/>\n<meta property=\"og:image\" content=\"https:\/\/www.stellamarisbeach.it\/wp-content\/uploads\/2021\/11\/location.png\" \/>\n\t<meta property=\"og:image:width\" content=\"317\" \/>\n\t<meta property=\"og:image:height\" content=\"317\" \/>\n\t<meta property=\"og:image:type\" content=\"image\/png\" \/>\n<meta name=\"twitter:card\" content=\"summary_large_image\" \/>\n<meta name=\"twitter:label1\" content=\"Est. reading time\" \/>\n\t<meta name=\"twitter:data1\" content=\"2 minutes\" \/>\n<script type=\"application\/ld+json\" class=\"yoast-schema-graph\">{\"@context\":\"https:\/\/schema.org\",\"@graph\":[{\"@type\":\"Organization\",\"@id\":\"https:\/\/www.stellamarisbeach.it\/#organization\",\"name\":\"StellaMaris\",\"url\":\"https:\/\/www.stellamarisbeach.it\/\",\"sameAs\":[],\"logo\":{\"@type\":\"ImageObject\",\"@id\":\"https:\/\/www.stellamarisbeach.it\/#logo\",\"inLanguage\":\"en-US\",\"url\":\"https:\/\/www.stellamarisbeach.it\/wp-content\/uploads\/2024\/02\/logo-stella-maris-1.png\",\"contentUrl\":\"https:\/\/www.stellamarisbeach.it\/wp-content\/uploads\/2024\/02\/logo-stella-maris-1.png\",\"width\":842,\"height\":595,\"caption\":\"StellaMaris\"},\"image\":{\"@id\":\"https:\/\/www.stellamarisbeach.it\/#logo\"}},{\"@type\":\"WebSite\",\"@id\":\"https:\/\/www.stellamarisbeach.it\/#website\",\"url\":\"https:\/\/www.stellamarisbeach.it\/\",\"name\":\"Stella Maris\",\"description\":\"My Sand Club\",\"publisher\":{\"@id\":\"https:\/\/www.stellamarisbeach.it\/#organization\"},\"potentialAction\":[{\"@type\":\"SearchAction\",\"target\":{\"@type\":\"EntryPoint\",\"urlTemplate\":\"https:\/\/www.stellamarisbeach.it\/?s={search_term_string}\"},\"query-input\":\"required name=search_term_string\"}],\"inLanguage\":\"en-US\"},{\"@type\":\"ImageObject\",\"@id\":\"https:\/\/www.stellamarisbeach.it\/en\/stellamaris\/scopri-sottomarina-e-dintorni\/#primaryimage\",\"inLanguage\":\"en-US\",\"url\":\"https:\/\/www.stellamarisbeach.it\/wp-content\/uploads\/2024\/02\/IMG_5678-scaled-e1709028866749.jpg\",\"contentUrl\":\"https:\/\/www.stellamarisbeach.it\/wp-content\/uploads\/2024\/02\/IMG_5678-scaled-e1709028866749.jpg\",\"width\":1920,\"height\":2560},{\"@type\":\"WebPage\",\"@id\":\"https:\/\/www.stellamarisbeach.it\/en\/stellamaris\/scopri-sottomarina-e-dintorni\/#webpage\",\"url\":\"https:\/\/www.stellamarisbeach.it\/en\/stellamaris\/scopri-sottomarina-e-dintorni\/\",\"name\":\"Sottomarina and surroundings: a location to experience | Stella Maris\",\"isPartOf\":{\"@id\":\"https:\/\/www.stellamarisbeach.it\/#website\"},\"primaryImageOfPage\":{\"@id\":\"https:\/\/www.stellamarisbeach.it\/en\/stellamaris\/scopri-sottomarina-e-dintorni\/#primaryimage\"},\"datePublished\":\"2021-11-29T09:19:03+00:00\",\"dateModified\":\"2022-04-12T14:18:35+00:00\",\"description\":\"Vuoi qualcosa di pi\u00f9 dalla tua vacanza al mare? Scopri le mete pi\u00f9 belle di Sottomarina e dintorni: esplora Chioggia, Pellestrina, Venezia.\",\"breadcrumb\":{\"@id\":\"https:\/\/www.stellamarisbeach.it\/en\/stellamaris\/scopri-sottomarina-e-dintorni\/#breadcrumb\"},\"inLanguage\":\"en-US\",\"potentialAction\":[{\"@type\":\"ReadAction\",\"target\":[\"https:\/\/www.stellamarisbeach.it\/en\/stellamaris\/scopri-sottomarina-e-dintorni\/\"]}]},{\"@type\":\"BreadcrumbList\",\"@id\":\"https:\/\/www.stellamarisbeach.it\/en\/stellamaris\/scopri-sottomarina-e-dintorni\/#breadcrumb\",\"itemListElement\":[{\"@type\":\"ListItem\",\"position\":1,\"name\":\"Home\",\"item\":\"https:\/\/www.stellamarisbeach.it\/homepage\/?lang=en\"},{\"@type\":\"ListItem\",\"position\":2,\"name\":\"Sottomarina StellaMaris Bathing Establishment\",\"item\":\"https:\/\/www.stellamarisbeach.it\/en\/stellamaris\/\"},{\"@type\":\"ListItem\",\"position\":3,\"name\":\"Sottomarina and surroundings: a location to experience\"}]}]}<\/script>\n<!-- \/ Yoast SEO plugin. -->","yoast_head_json":{"title":"Sottomarina and surroundings: a location to experience | Stella Maris","description":"Vuoi qualcosa di pi\u00f9 dalla tua vacanza al mare? Scopri le mete pi\u00f9 belle di Sottomarina e dintorni: esplora Chioggia, Pellestrina, Venezia.","robots":{"index":"index","follow":"follow","max-snippet":"max-snippet:-1","max-image-preview":"max-image-preview:large","max-video-preview":"max-video-preview:-1"},"canonical":"https:\/\/www.stellamarisbeach.it\/en\/stellamaris\/scopri-sottomarina-e-dintorni\/","og_locale":"en_US","og_type":"article","og_title":"Sottomarina and surroundings: a location to experience | Stella Maris","og_description":"Vuoi qualcosa di pi\u00f9 dalla tua vacanza al mare? Scopri le mete pi\u00f9 belle di Sottomarina e dintorni: esplora Chioggia, Pellestrina, Venezia.","og_url":"https:\/\/www.stellamarisbeach.it\/en\/stellamaris\/scopri-sottomarina-e-dintorni\/","og_site_name":"Stella Maris","article_modified_time":"2022-04-12T14:18:35+00:00","og_image":[{"width":317,"height":317,"url":"https:\/\/www.stellamarisbeach.it\/wp-content\/uploads\/2021\/11\/location.png","type":"image\/png"}],"twitter_card":"summary_large_image","twitter_misc":{"Est. reading time":"2 minutes"},"schema":{"@context":"https:\/\/schema.org","@graph":[{"@type":"Organization","@id":"https:\/\/www.stellamarisbeach.it\/#organization","name":"StellaMaris","url":"https:\/\/www.stellamarisbeach.it\/","sameAs":[],"logo":{"@type":"ImageObject","@id":"https:\/\/www.stellamarisbeach.it\/#logo","inLanguage":"en-US","url":"https:\/\/www.stellamarisbeach.it\/wp-content\/uploads\/2024\/02\/logo-stella-maris-1.png","contentUrl":"https:\/\/www.stellamarisbeach.it\/wp-content\/uploads\/2024\/02\/logo-stella-maris-1.png","width":842,"height":595,"caption":"StellaMaris"},"image":{"@id":"https:\/\/www.stellamarisbeach.it\/#logo"}},{"@type":"WebSite","@id":"https:\/\/www.stellamarisbeach.it\/#website","url":"https:\/\/www.stellamarisbeach.it\/","name":"Stella Maris","description":"My Sand Club","publisher":{"@id":"https:\/\/www.stellamarisbeach.it\/#organization"},"potentialAction":[{"@type":"SearchAction","target":{"@type":"EntryPoint","urlTemplate":"https:\/\/www.stellamarisbeach.it\/?s={search_term_string}"},"query-input":"required name=search_term_string"}],"inLanguage":"en-US"},{"@type":"ImageObject","@id":"https:\/\/www.stellamarisbeach.it\/en\/stellamaris\/scopri-sottomarina-e-dintorni\/#primaryimage","inLanguage":"en-US","url":"https:\/\/www.stellamarisbeach.it\/wp-content\/uploads\/2024\/02\/IMG_5678-scaled-e1709028866749.jpg","contentUrl":"https:\/\/www.stellamarisbeach.it\/wp-content\/uploads\/2024\/02\/IMG_5678-scaled-e1709028866749.jpg","width":1920,"height":2560},{"@type":"WebPage","@id":"https:\/\/www.stellamarisbeach.it\/en\/stellamaris\/scopri-sottomarina-e-dintorni\/#webpage","url":"https:\/\/www.stellamarisbeach.it\/en\/stellamaris\/scopri-sottomarina-e-dintorni\/","name":"Sottomarina and surroundings: a location to experience | Stella Maris","isPartOf":{"@id":"https:\/\/www.stellamarisbeach.it\/#website"},"primaryImageOfPage":{"@id":"https:\/\/www.stellamarisbeach.it\/en\/stellamaris\/scopri-sottomarina-e-dintorni\/#primaryimage"},"datePublished":"2021-11-29T09:19:03+00:00","dateModified":"2022-04-12T14:18:35+00:00","description":"Vuoi qualcosa di pi\u00f9 dalla tua vacanza al mare? Scopri le mete pi\u00f9 belle di Sottomarina e dintorni: esplora Chioggia, Pellestrina, Venezia.","breadcrumb":{"@id":"https:\/\/www.stellamarisbeach.it\/en\/stellamaris\/scopri-sottomarina-e-dintorni\/#breadcrumb"},"inLanguage":"en-US","potentialAction":[{"@type":"ReadAction","target":["https:\/\/www.stellamarisbeach.it\/en\/stellamaris\/scopri-sottomarina-e-dintorni\/"]}]},{"@type":"BreadcrumbList","@id":"https:\/\/www.stellamarisbeach.it\/en\/stellamaris\/scopri-sottomarina-e-dintorni\/#breadcrumb","itemListElement":[{"@type":"ListItem","position":1,"name":"Home","item":"https:\/\/www.stellamarisbeach.it\/homepage\/?lang=en"},{"@type":"ListItem","position":2,"name":"Sottomarina StellaMaris Bathing Establishment","item":"https:\/\/www.stellamarisbeach.it\/en\/stellamaris\/"},{"@type":"ListItem","position":3,"name":"Sottomarina and surroundings: a location to experience"}]}]}},"_links":{"self":[{"href":"https:\/\/www.stellamarisbeach.it\/en\/wp-json\/wp\/v2\/pages\/853"}],"collection":[{"href":"https:\/\/www.stellamarisbeach.it\/en\/wp-json\/wp\/v2\/pages"}],"about":[{"href":"https:\/\/www.stellamarisbeach.it\/en\/wp-json\/wp\/v2\/types\/page"}],"author":[{"embeddable":true,"href":"https:\/\/www.stellamarisbeach.it\/en\/wp-json\/wp\/v2\/users\/1"}],"replies":[{"embeddable":true,"href":"https:\/\/www.stellamarisbeach.it\/en\/wp-json\/wp\/v2\/comments?post=853"}],"version-history":[{"count":3,"href":"https:\/\/www.stellamarisbeach.it\/en\/wp-json\/wp\/v2\/pages\/853\/revisions"}],"predecessor-version":[{"id":980,"href":"https:\/\/www.stellamarisbeach.it\/en\/wp-json\/wp\/v2\/pages\/853\/revisions\/980"}],"up":[{"embeddable":true,"href":"https:\/\/www.stellamarisbeach.it\/en\/wp-json\/wp\/v2\/pages\/846"}],"wp:featuredmedia":[{"embeddable":true,"href":"https:\/\/www.stellamarisbeach.it\/en\/wp-json\/wp\/v2\/media\/1746"}],"wp:attachment":[{"href":"https:\/\/www.stellamarisbeach.it\/en\/wp-json\/wp\/v2\/media?parent=853"}],"curies":[{"name":"wp","href":"https:\/\/api.w.org\/{rel}","templated":true}]}}