{"id":1249,"date":"2022-03-03T07:42:50","date_gmt":"2022-03-03T07:42:50","guid":{"rendered":"https:\/\/www.stellamarisbeach.it\/staff-stellamaris\/"},"modified":"2022-04-13T14:57:09","modified_gmt":"2022-04-13T14:57:09","slug":"staff-stellamaris","status":"publish","type":"page","link":"https:\/\/www.stellamarisbeach.it\/de\/staff-stellamaris\/","title":{"rendered":"Staff StellaMaris"},"content":{"rendered":"<p>Ti presentiamo il nostro staff.<br \/>\n\u00c8 bello conoscerci un po\u2019. Cos\u00ec ti sembrer\u00e0 di essere gi\u00e0 tra amici quando sarai nostro ospite.<\/p>\n","protected":false},"excerpt":{"rendered":"<p>Ti presentiamo il nostro staff. \u00c8 bello conoscerci un po\u2019. Cos\u00ec ti sembrer\u00e0 di essere gi\u00e0 tra amici quando sarai nostro ospite.<\/p>\n","protected":false},"author":1,"featured_media":0,"parent":0,"menu_order":0,"comment_status":"closed","ping_status":"closed","template":"","meta":[],"yoast_head":"<!-- This site is optimized with the Yoast SEO plugin v18.3 - https:\/\/yoast.com\/wordpress\/plugins\/seo\/ -->\n<title>Staff StellaMaris | Stella Maris<\/title>\n<meta name=\"description\" content=\"Ti presentiamo il nostro staff. \u00c8 bello conoscerci un po\u2019. Cos\u00ec ti sembrer\u00e0 di essere gi\u00e0 tra amici quando sarai nostro ospite.\" \/>\n<meta name=\"robots\" content=\"index, follow, max-snippet:-1, max-image-preview:large, max-video-preview:-1\" \/>\n<link rel=\"canonical\" href=\"https:\/\/www.stellamarisbeach.it\/de\/staff-stellamaris\/\" \/>\n<meta property=\"og:locale\" content=\"de_DE\" \/>\n<meta property=\"og:type\" content=\"article\" \/>\n<meta property=\"og:title\" content=\"Staff StellaMaris | Stella Maris\" \/>\n<meta property=\"og:description\" content=\"Ti presentiamo il nostro staff. \u00c8 bello conoscerci un po\u2019. Cos\u00ec ti sembrer\u00e0 di essere gi\u00e0 tra amici quando sarai nostro ospite.\" \/>\n<meta property=\"og:url\" content=\"https:\/\/www.stellamarisbeach.it\/de\/staff-stellamaris\/\" \/>\n<meta property=\"og:site_name\" content=\"Stella Maris\" \/>\n<meta property=\"article:modified_time\" content=\"2022-04-13T14:57:09+00:00\" \/>\n<meta name=\"twitter:card\" content=\"summary_large_image\" \/>\n<meta name=\"twitter:label1\" content=\"Gesch\u00e4tzte Lesezeit\" \/>\n\t<meta name=\"twitter:data1\" content=\"1 Minute\" \/>\n<script type=\"application\/ld+json\" class=\"yoast-schema-graph\">{\"@context\":\"https:\/\/schema.org\",\"@graph\":[{\"@type\":\"Organization\",\"@id\":\"https:\/\/www.stellamarisbeach.it\/#organization\",\"name\":\"StellaMaris\",\"url\":\"https:\/\/www.stellamarisbeach.it\/\",\"sameAs\":[],\"logo\":{\"@type\":\"ImageObject\",\"@id\":\"https:\/\/www.stellamarisbeach.it\/#logo\",\"inLanguage\":\"de-DE\",\"url\":\"https:\/\/www.stellamarisbeach.it\/wp-content\/uploads\/2024\/02\/logo-stella-maris-1.png\",\"contentUrl\":\"https:\/\/www.stellamarisbeach.it\/wp-content\/uploads\/2024\/02\/logo-stella-maris-1.png\",\"width\":842,\"height\":595,\"caption\":\"StellaMaris\"},\"image\":{\"@id\":\"https:\/\/www.stellamarisbeach.it\/#logo\"}},{\"@type\":\"WebSite\",\"@id\":\"https:\/\/www.stellamarisbeach.it\/#website\",\"url\":\"https:\/\/www.stellamarisbeach.it\/\",\"name\":\"Stella Maris\",\"description\":\"My Sand Club\",\"publisher\":{\"@id\":\"https:\/\/www.stellamarisbeach.it\/#organization\"},\"potentialAction\":[{\"@type\":\"SearchAction\",\"target\":{\"@type\":\"EntryPoint\",\"urlTemplate\":\"https:\/\/www.stellamarisbeach.it\/?s={search_term_string}\"},\"query-input\":\"required name=search_term_string\"}],\"inLanguage\":\"de-DE\"},{\"@type\":\"WebPage\",\"@id\":\"https:\/\/www.stellamarisbeach.it\/de\/staff-stellamaris\/#webpage\",\"url\":\"https:\/\/www.stellamarisbeach.it\/de\/staff-stellamaris\/\",\"name\":\"Staff StellaMaris | Stella Maris\",\"isPartOf\":{\"@id\":\"https:\/\/www.stellamarisbeach.it\/#website\"},\"datePublished\":\"2022-03-03T07:42:50+00:00\",\"dateModified\":\"2022-04-13T14:57:09+00:00\",\"description\":\"Ti presentiamo il nostro staff. \u00c8 bello conoscerci un po\u2019. Cos\u00ec ti sembrer\u00e0 di essere gi\u00e0 tra amici quando sarai nostro ospite.\",\"breadcrumb\":{\"@id\":\"https:\/\/www.stellamarisbeach.it\/de\/staff-stellamaris\/#breadcrumb\"},\"inLanguage\":\"de-DE\",\"potentialAction\":[{\"@type\":\"ReadAction\",\"target\":[\"https:\/\/www.stellamarisbeach.it\/de\/staff-stellamaris\/\"]}]},{\"@type\":\"BreadcrumbList\",\"@id\":\"https:\/\/www.stellamarisbeach.it\/de\/staff-stellamaris\/#breadcrumb\",\"itemListElement\":[{\"@type\":\"ListItem\",\"position\":1,\"name\":\"Home\",\"item\":\"https:\/\/www.stellamarisbeach.it\/\"},{\"@type\":\"ListItem\",\"position\":2,\"name\":\"Staff StellaMaris\"}]}]}<\/script>\n<!-- \/ Yoast SEO plugin. -->","yoast_head_json":{"title":"Staff StellaMaris | Stella Maris","description":"Ti presentiamo il nostro staff. \u00c8 bello conoscerci un po\u2019. Cos\u00ec ti sembrer\u00e0 di essere gi\u00e0 tra amici quando sarai nostro ospite.","robots":{"index":"index","follow":"follow","max-snippet":"max-snippet:-1","max-image-preview":"max-image-preview:large","max-video-preview":"max-video-preview:-1"},"canonical":"https:\/\/www.stellamarisbeach.it\/de\/staff-stellamaris\/","og_locale":"de_DE","og_type":"article","og_title":"Staff StellaMaris | Stella Maris","og_description":"Ti presentiamo il nostro staff. \u00c8 bello conoscerci un po\u2019. Cos\u00ec ti sembrer\u00e0 di essere gi\u00e0 tra amici quando sarai nostro ospite.","og_url":"https:\/\/www.stellamarisbeach.it\/de\/staff-stellamaris\/","og_site_name":"Stella Maris","article_modified_time":"2022-04-13T14:57:09+00:00","twitter_card":"summary_large_image","twitter_misc":{"Gesch\u00e4tzte Lesezeit":"1 Minute"},"schema":{"@context":"https:\/\/schema.org","@graph":[{"@type":"Organization","@id":"https:\/\/www.stellamarisbeach.it\/#organization","name":"StellaMaris","url":"https:\/\/www.stellamarisbeach.it\/","sameAs":[],"logo":{"@type":"ImageObject","@id":"https:\/\/www.stellamarisbeach.it\/#logo","inLanguage":"de-DE","url":"https:\/\/www.stellamarisbeach.it\/wp-content\/uploads\/2024\/02\/logo-stella-maris-1.png","contentUrl":"https:\/\/www.stellamarisbeach.it\/wp-content\/uploads\/2024\/02\/logo-stella-maris-1.png","width":842,"height":595,"caption":"StellaMaris"},"image":{"@id":"https:\/\/www.stellamarisbeach.it\/#logo"}},{"@type":"WebSite","@id":"https:\/\/www.stellamarisbeach.it\/#website","url":"https:\/\/www.stellamarisbeach.it\/","name":"Stella Maris","description":"My Sand Club","publisher":{"@id":"https:\/\/www.stellamarisbeach.it\/#organization"},"potentialAction":[{"@type":"SearchAction","target":{"@type":"EntryPoint","urlTemplate":"https:\/\/www.stellamarisbeach.it\/?s={search_term_string}"},"query-input":"required name=search_term_string"}],"inLanguage":"de-DE"},{"@type":"WebPage","@id":"https:\/\/www.stellamarisbeach.it\/de\/staff-stellamaris\/#webpage","url":"https:\/\/www.stellamarisbeach.it\/de\/staff-stellamaris\/","name":"Staff StellaMaris | Stella Maris","isPartOf":{"@id":"https:\/\/www.stellamarisbeach.it\/#website"},"datePublished":"2022-03-03T07:42:50+00:00","dateModified":"2022-04-13T14:57:09+00:00","description":"Ti presentiamo il nostro staff. \u00c8 bello conoscerci un po\u2019. Cos\u00ec ti sembrer\u00e0 di essere gi\u00e0 tra amici quando sarai nostro ospite.","breadcrumb":{"@id":"https:\/\/www.stellamarisbeach.it\/de\/staff-stellamaris\/#breadcrumb"},"inLanguage":"de-DE","potentialAction":[{"@type":"ReadAction","target":["https:\/\/www.stellamarisbeach.it\/de\/staff-stellamaris\/"]}]},{"@type":"BreadcrumbList","@id":"https:\/\/www.stellamarisbeach.it\/de\/staff-stellamaris\/#breadcrumb","itemListElement":[{"@type":"ListItem","position":1,"name":"Home","item":"https:\/\/www.stellamarisbeach.it\/"},{"@type":"ListItem","position":2,"name":"Staff StellaMaris"}]}]}},"_links":{"self":[{"href":"https:\/\/www.stellamarisbeach.it\/de\/wp-json\/wp\/v2\/pages\/1249"}],"collection":[{"href":"https:\/\/www.stellamarisbeach.it\/de\/wp-json\/wp\/v2\/pages"}],"about":[{"href":"https:\/\/www.stellamarisbeach.it\/de\/wp-json\/wp\/v2\/types\/page"}],"author":[{"embeddable":true,"href":"https:\/\/www.stellamarisbeach.it\/de\/wp-json\/wp\/v2\/users\/1"}],"replies":[{"embeddable":true,"href":"https:\/\/www.stellamarisbeach.it\/de\/wp-json\/wp\/v2\/comments?post=1249"}],"version-history":[{"count":1,"href":"https:\/\/www.stellamarisbeach.it\/de\/wp-json\/wp\/v2\/pages\/1249\/revisions"}],"predecessor-version":[{"id":1251,"href":"https:\/\/www.stellamarisbeach.it\/de\/wp-json\/wp\/v2\/pages\/1249\/revisions\/1251"}],"wp:attachment":[{"href":"https:\/\/www.stellamarisbeach.it\/de\/wp-json\/wp\/v2\/media?parent=1249"}],"curies":[{"name":"wp","href":"https:\/\/api.w.org\/{rel}","templated":true}]}}